{"id":5375,"date":"2022-09-12T04:29:33","date_gmt":"2022-09-12T04:29:33","guid":{"rendered":"https:\/\/demo.oceanthemes.site\/sandbox\/?page_id=5375"},"modified":"2024-12-16T16:55:36","modified_gmt":"2024-12-16T16:55:36","slug":"terms-and-conditions","status":"publish","type":"page","link":"https:\/\/relaxed-pare.202-61-192-15.plesk.page\/index.php\/terms-and-conditions\/","title":{"rendered":"Rechtliches"},"content":{"rendered":"\t\t<div data-elementor-type=\"wp-page\" data-elementor-id=\"5375\" class=\"elementor elementor-5375\">\n\t\t\t\t\t\t<section class=\"elementor-section elementor-top-section elementor-element elementor-element-ee541cf elementor-section-content-top elementor-section-boxed elementor-section-height-default elementor-section-height-default\" data-id=\"ee541cf\" data-element_type=\"section\" id=\"block1\">\n\t\t\t\t\t\t<div class=\"elementor-container elementor-column-gap-default\">\n\t\t\t\t\t<div class=\"elementor-column elementor-col-33 elementor-top-column elementor-element elementor-element-2ba8c0b elementor-hidden-tablet elementor-hidden-mobile\" data-id=\"2ba8c0b\" data-element_type=\"column\">\n\t\t\t<div class=\"elementor-widget-wrap elementor-element-populated\">\n\t\t\t\t\t\t<div class=\"elementor-element elementor-element-945dd3f sticky-bar elementor-icon-list--layout-traditional elementor-list-item-link-full_width elementor-widget elementor-widget-icon-list\" data-id=\"945dd3f\" data-element_type=\"widget\" data-widget_type=\"icon-list.default\">\n\t\t\t\t<div class=\"elementor-widget-container\">\n\t\t\t\t\t<ul class=\"elementor-icon-list-items\">\n\t\t\t\t\t\t\t<li class=\"elementor-icon-list-item\">\n\t\t\t\t\t\t\t\t\t\t\t<a href=\"#block1\">\n\n\t\t\t\t\t\t\t\t\t\t\t<span class=\"elementor-icon-list-text\">1. Kontakt<\/span>\n\t\t\t\t\t\t\t\t\t\t\t<\/a>\n\t\t\t\t\t\t\t\t\t<\/li>\n\t\t\t\t\t\t\t\t<li class=\"elementor-icon-list-item\">\n\t\t\t\t\t\t\t\t\t\t\t<a href=\"#block2\">\n\n\t\t\t\t\t\t\t\t\t\t\t<span class=\"elementor-icon-list-text\">2. Impressum<\/span>\n\t\t\t\t\t\t\t\t\t\t\t<\/a>\n\t\t\t\t\t\t\t\t\t<\/li>\n\t\t\t\t\t\t\t\t<li class=\"elementor-icon-list-item\">\n\t\t\t\t\t\t\t\t\t\t\t<a href=\"#block4\">\n\n\t\t\t\t\t\t\t\t\t\t\t<span class=\"elementor-icon-list-text\">3. Datenschutz<\/span>\n\t\t\t\t\t\t\t\t\t\t\t<\/a>\n\t\t\t\t\t\t\t\t\t<\/li>\n\t\t\t\t\t\t\t\t<li class=\"elementor-icon-list-item\">\n\t\t\t\t\t\t\t\t\t\t\t<a href=\"#block5\">\n\n\t\t\t\t\t\t\t\t\t\t\t<span class=\"elementor-icon-list-text\">4. Cookies<\/span>\n\t\t\t\t\t\t\t\t\t\t\t<\/a>\n\t\t\t\t\t\t\t\t\t<\/li>\n\t\t\t\t\t\t<\/ul>\n\t\t\t\t<\/div>\n\t\t\t\t<\/div>\n\t\t\t\t\t<\/div>\n\t\t<\/div>\n\t\t\t\t<div class=\"elementor-column elementor-col-33 elementor-top-column elementor-element elementor-element-b057cca\" data-id=\"b057cca\" data-element_type=\"column\">\n\t\t\t<div class=\"elementor-widget-wrap elementor-element-populated\">\n\t\t\t\t\t\t<div class=\"elementor-element elementor-element-cdcce14 card elementor-widget elementor-widget-text-editor\" data-id=\"cdcce14\" data-element_type=\"widget\" data-widget_type=\"text-editor.default\">\n\t\t\t\t<div class=\"elementor-widget-container\">\n\t\t\t\t\t\t\t<h1>KONTAKT<\/h1><p style=\"font-weight: 400;\"><strong>Projektteam\u00a0(tbd).<\/strong><\/p><p style=\"font-weight: 400;\">Professur f\u00fcr Arbeits- und Organisationspsychologie<br \/>(Prof. Dr. J. Volmer)<br \/>Otto-Friedrich-Universit\u00e4t Bamberg<br \/>Markusplatz 3<br \/>96047 Bamberg<\/p><p>Mail: <u><a href=\"mailto:laufbahnatlas.auopsych@uni-bamberg.de\" data-toggle=\"tooltip\">laufbahnatlas.auopsych@uni-bamberg.de<\/a><br \/>\u00a0bzw. <a href=\"mailto:info@karrierekompass.ai\" data-toggle=\"tooltip\">info@karrierekompass.ai<\/a> (tbd).<\/u><\/p><p style=\"font-weight: 400;\"><strong>Informationen zu weiteren, aktuellen For\u00adschungs\u00adprojekten der Professur\/Arbeits\u00adgruppe<br \/>erhalten Sie auf der Website unter <a href=\"https:\/\/www.uni-bamberg.de\/auopsych\">www.uni-bamberg.de\/auopsych<\/a><\/strong><\/p>\t\t\t\t\t\t<\/div>\n\t\t\t\t<\/div>\n\t\t\t\t<div class=\"elementor-element elementor-element-5c1a635 elementor-widget elementor-widget-spacer\" data-id=\"5c1a635\" data-element_type=\"widget\" id=\"block2\" data-widget_type=\"spacer.default\">\n\t\t\t\t<div class=\"elementor-widget-container\">\n\t\t\t\t\t<div class=\"elementor-spacer\">\n\t\t\t<div class=\"elementor-spacer-inner\"><\/div>\n\t\t<\/div>\n\t\t\t\t<\/div>\n\t\t\t\t<\/div>\n\t\t\t\t<div class=\"elementor-element elementor-element-a84aa32 card elementor-widget elementor-widget-text-editor\" data-id=\"a84aa32\" data-element_type=\"widget\" data-widget_type=\"text-editor.default\">\n\t\t\t\t<div class=\"elementor-widget-container\">\n\t\t\t\t\t\t\t<h1>Impressum<\/h1><p style=\"font-weight: 400;\">Die Internetseite des KI-Projektes <em>Karriere Kompass<\/em> wird von der Otto-Friedrich-Universit\u00e4t Bamberg betrieben.<\/p><h2><strong>Angaben gem\u00e4\u00df \u00a75 TMG<\/strong><\/h2><p style=\"font-weight: 400;\"><strong>Vertretungsberechtigtes Organ:<\/strong><br \/><br \/>Die Otto-Friedrich-Universit\u00e4t Bamberg ist eine K\u00f6rperschaft des \u00f6ffentlichen Rechts. Sie wird gesetzlich vertreten durch den Pr\u00e4sidenten:<br \/><br \/>Prof. Dr. Kai Fischbach<br \/>Kapuzinerstra\u00dfe 16<br \/>96047 Bamberg<br \/>Telefon: +49 (0) 951 &#8211; 863-1001<br \/>Telefax: +49 (0) 951 &#8211; 863-1012<br \/>E-Mail: <a href=\"mailto:praesident@uni-bamberg.de\" data-toggle=\"tooltip\">praesident@uni-bamberg.de<\/a><br \/><br \/><br \/><strong>Ausf\u00fchrendes Organ<\/strong><br \/>Otto-Friedrich-Universit\u00e4t Bamberg<br \/>Institut f\u00fcr Psychologie<br \/>Professur f\u00fcr Arbeits- und Organisationspsychologie<br \/>Markusplatz 3<br \/>96047 Bamberg<br \/><br \/><\/p><p style=\"font-weight: 400;\">Vertreten durch:<br \/>Prof. Dr. Judith Volmer<br \/><br \/><\/p><p style=\"font-weight: 400;\">Kontakt:<br \/>Telefon: +49 (0) 951 &#8211; 863-1894<br \/>E-Mail: <a href=\"mailto:judith.volmer@uni-bamberg.de\" data-toggle=\"tooltip\">judith.volmer@uni-bamberg.de<\/a><br \/><br \/><br \/><strong>Zust\u00e4ndige Aufsichtsbeh\u00f6rde<\/strong><br \/>Bayerisches Staatsministerium f\u00fcr Wissenschaft und Kunst<br \/>Salvatorstra\u00dfe 2<br \/>80333 M\u00fcnchen<br \/>Internet: <a href=\"https:\/\/www.stmwk.bayern.de\/\">www.stmwk.bayern.de<\/a><br \/><br \/><\/p><p style=\"font-weight: 400;\"><strong>Umsatzsteuer-ID<\/strong><br \/>Umsatzsteuer-Identifikationsnummer gem\u00e4\u00df \u00a727 a Umsatzsteuergesetz: DE 811283362<br \/><br \/><\/p><p style=\"font-weight: 400;\"><strong>Redaktionell verantwortlich f\u00fcr den Inhalt nach \u00a7 55 Abs. 2 RStV<\/strong><br \/>Prof. Dr. Judith Volmer<br \/>Telefon: +49 (0) 951 &#8211; 863-1894<br \/>E-Mail: <a href=\"mailto:judith.volmer@uni-bamberg.de\" data-toggle=\"tooltip\">judith.volmer@uni-bamberg.de<\/a><br \/><br \/><\/p><p style=\"font-weight: 400;\"><strong>Haftung f\u00fcr Inhalte<\/strong><\/p><p style=\"font-weight: 400;\">Als Diensteanbieter sind wir gem\u00e4\u00df \u00a7 7 Abs.1 TMG f\u00fcr eigene Inhalte auf diesen Seiten nach den allgemeinen Gesetzen verantwortlich. Nach \u00a7\u00a7 8 bis 10 TMG sind wir als Diensteanbieter jedoch nicht verpflichtet, \u00fcbermittelte oder gespeicherte fremde Informationen zu \u00fcberwachen oder nach Umst\u00e4nden zu forschen, die auf eine rechtswidrige T\u00e4tigkeit hinweisen. Verpflichtungen zur Entfernung oder Sperrung der Nutzung von Informationen nach den allgemeinen Gesetzen bleiben hiervon unber\u00fchrt. Eine diesbez\u00fcgliche Haftung ist jedoch erst ab dem Zeitpunkt der Kenntnis einer konkreten Rechtsverletzung m\u00f6glich. Bei Bekanntwerden von entsprechenden Rechtsverletzungen werden wir diese Inhalte umgehend entfernen.<br \/><br \/><br \/><strong>Haftung f\u00fcr Links<\/strong><br \/><br \/>Unser Angebot enth\u00e4lt Links zu externen Webseiten Dritter, auf deren Inhalte wir keinen Einfluss haben. Deshalb k\u00f6nnen wir f\u00fcr diese fremden Inhalte auch keine Gew\u00e4hr \u00fcbernehmen. F\u00fcr die Inhalte der verlinkten Seiten ist stets der jeweilige Anbieter oder Betreiber der Seiten verantwortlich. Die verlinkten Seiten wurden zum Zeitpunkt der Verlinkung auf m\u00f6gliche Rechtsverst\u00f6\u00dfe \u00fcberpr\u00fcft. Rechtswidrige Inhalte waren zum Zeitpunkt der Verlinkung nicht erkennbar. Eine permanente inhaltliche Kontrolle der verlinkten Seiten ist jedoch ohne konkrete Anhaltspunkte einer Rechtsverletzung nicht zumutbar. Bei Bekanntwerden von Rechtsverletzungen werden wir derartige Links umgehend entfernen.<br \/><br \/><br \/><strong>Urheberrecht<\/strong><br \/><br \/>Die durch die Seitenbetreiber erstellten Inhalte und Werke auf diesen Seiten unterliegen dem deutschen Urheberrecht. Die Vervielf\u00e4ltigung, Bearbeitung, Verbreitung und jede Art der Verwertung au\u00dferhalb der Grenzen des Urheberrechtes bed\u00fcrfen der schriftlichen Zustimmung des jeweiligen Autors bzw. Erstellers. Downloads und Kopien dieser Seite sind nur f\u00fcr den privaten, nicht kommerziellen Gebrauch gestattet. Soweit die Inhalte auf dieser Seite nicht vom Betreiber erstellt wurden, werden die Urheberrechte Dritter beachtet. Insbesondere werden Inhalte Dritter als solche gekennzeichnet. Sollten Sie trotzdem auf eine Urheberrechtsverletzung aufmerksam werden, bitten wir um einen entsprechenden Hinweis. Bei Bekanntwerden von Rechtsverletzungen werden wir derartige Inhalte umgehend entfernen.<br \/><br \/>Bildquellen:<br \/>Bilder von xxxxxx<br \/><br \/><br \/><strong>Verbraucherstreitbeilegung \/ Universalschlichtungsstelle<\/strong><br \/><br \/>Wir sind nicht bereit oder verpflichtet, an Streitbeilegungsverfahren vor einer Verbraucherschlichtungsstelle teilzunehmen.<\/p><p style=\"font-weight: 400;\">\u00a0<\/p><p style=\"font-weight: 400;\"><strong>Konzept, Design und Programmierung<\/strong><br \/>Runourcode GmbH |\u00a0<a href=\"https:\/\/runourcode.com\">https:\/\/runourcode.com<\/a><\/p>\t\t\t\t\t\t<\/div>\n\t\t\t\t<\/div>\n\t\t\t\t<div class=\"elementor-element elementor-element-23574a2 elementor-widget elementor-widget-spacer\" data-id=\"23574a2\" data-element_type=\"widget\" id=\"block4\" data-widget_type=\"spacer.default\">\n\t\t\t\t<div class=\"elementor-widget-container\">\n\t\t\t\t\t<div class=\"elementor-spacer\">\n\t\t\t<div class=\"elementor-spacer-inner\"><\/div>\n\t\t<\/div>\n\t\t\t\t<\/div>\n\t\t\t\t<\/div>\n\t\t\t\t<div class=\"elementor-element elementor-element-a81bbf2 card elementor-widget elementor-widget-text-editor\" data-id=\"a81bbf2\" data-element_type=\"widget\" data-widget_type=\"text-editor.default\">\n\t\t\t\t<div class=\"elementor-widget-container\">\n\t\t\t\t\t\t\t<h1>Datenschutzerkl\u00e4rung<\/h1><p>\u00a0<\/p><h3>1. Verantwortliche im Sinn von Art. 4 Nr. 7 DSGVO:<\/h3><p style=\"font-weight: 400;\">Otto-Friedrich-Universit\u00e4t Bamberg<br \/>Pr\u00e4sident Prof. Dr. Kai Fischbach<br \/>Kanzlerin Dr. Dagmar Steuer-Flieser<br \/>Kapuzinerstra\u00dfe 16<br \/>96047 Bamberg<br \/>Telefon: +49 951 863 0<br \/>Telefax: +49 951 863 1005<br \/>E-Mail: ul.datenschutz@uni-bamberg<\/p><h3>2. Leitung des Projektes:<\/h3><p style=\"font-weight: 400;\">Prof. Dr. Judith Volmer<br \/>Otto-Friedrich-Universit\u00e4t Bamberg<br \/>Professur f\u00fcr Arbeits- und Organisationspsychologie<br \/>Markusplatz 3, 96047 Bamberg<br \/>Telefon: +49 951 863 1894<br \/>E-Mail: <a href=\"mailto:judith.volmer@uni-bamberg.de\" data-toggle=\"tooltip\">judith.volmer@uni-bamberg.de<\/a><\/p><h3>3. Kontaktdaten des Datenschutzbeauftragten:<\/h3><p style=\"font-weight: 400;\">Datenschutzbeauftragter der Otto-Friedrich-Universit\u00e4t Bamberg<br \/>Kapuzinerstra\u00dfe 25<br \/>96047 Bamberg<br \/>Telefon: +49 951 863 1030<br \/>Telefax: + 49 951 863 4030<br \/>E-Mail: <a href=\"mailto:datenschutzbeauftragter@uni-bamberg.de\">datenschutzbeauftragter@uni-bamberg.de<\/a><\/p><h3>4. Kontaktdaten der Auftragverarbeiter:<\/h3><p style=\"font-weight: 400;\">(tbd).<\/p><h3>5. Ihre Rechte hinsichtlich der Verarbeitung Ihrer personenbezogenen Daten:<\/h3><ul style=\"font-weight: 400;\"><li>Sie haben ein Recht auf Auskunft \u00fcber die personenbezogenen Daten, die wir von Ihnen verarbeiten, sowie auf weitere mit der Verarbeitung zusammenh\u00e4ngende Informationen (Art. 15 DSGVO). Bitte beachten Sie, dass dieses Auskunftsrecht in bestimmten F\u00e4llen eingeschr\u00e4nkt oder ausgeschlossen sein kann.<\/li><li>F\u00fcr den Fall, dass personenbezogene Daten \u00fcber Sie nicht (mehr) zutreffend oder unvollst\u00e4ndig sind, k\u00f6nnen Sie eine Berichtigung und \u2013 unter Ber\u00fccksichtigung des Zwecks der Verarbeitung \u2013 Vervollst\u00e4ndigung dieser Daten verlangen (Art. 16 DSGVO).<\/li><li>Bei Vorliegen eines gesetzlichen Grundes k\u00f6nnen Sie die L\u00f6schung Ihrer personenbezogenen Daten verlangen (Art. 17 DSGVO). Dies ist insbesondere der Fall, wenn diese f\u00fcr die Zwecke, zu denen sie erhoben oder auf sonstige Weise verarbeitet wurden, nicht mehr notwendig sind oder eine erteilte Einwilligung zur Datenverarbeitung widerrufen wird und keine anderweitige Rechtsgrundlage f\u00fcr die Verarbeitung vorliegt. Das Recht auf L\u00f6schung besteht jedoch unter anderem dann nicht, wenn die Datenverarbeitung zur Wahrnehmung einer Aufgabe, die im \u00f6ffentlichen Interesse liegt, erforderlich ist oder in Aus\u00fcbung \u00f6ffentlicher Gewalt erfolgt.<\/li><li>Sofern eine der gesetzlichen Voraussetzungen vorliegt, k\u00f6nnen Sie die Einschr\u00e4nkung der Verarbeitung Ihrer personenbezogenen Daten verlangen (Art. 18 DSGVO). Dies hat zur Folge, dass die Daten zwar nicht gel\u00f6scht, aber gekennzeichnet werden, um ihre weitere Verarbeitung einzuschr\u00e4nken.<\/li><li>Wenn Sie in die Verarbeitung eingewilligt haben oder ein Vertrag zur Datenverarbeitung besteht und die Datenverarbeitung mithilfe automatisierter Verfahren durchgef\u00fchrt wird, steht Ihnen gegebenenfalls ein Recht auf Daten\u00fcbertragbarkeit zu (Art. 20 DSGVO). Dabei erhalten Sie die Daten, die Sie der Universit\u00e4t Bamberg zur Verf\u00fcgung gestellt haben, in einem strukturierten, g\u00e4ngigen und elektronischen Format.<\/li><li>Aus Gr\u00fcnden, die sich aus Ihrer besonderen Situation ergeben, k\u00f6nnen Sie der Verarbeitung Sie betreffender personenbezogener Daten durch uns jederzeit widersprechen (Art. 21 DSGVO). Sofern die gesetzlichen Voraussetzungen vorliegen, verarbeiten wir in der Folge diese personenbezogenen Daten nicht mehr.<\/li><li>Sie haben das Recht, sich beim beh\u00f6rdlichen Datenschutzbeauftragten der Universit\u00e4t Bamberg (Art. 38 Abs. 4 DSGVO) sowie bei der Aufsichtsbeh\u00f6rde (Art. 77 DSGVO) \u00fcber die Verarbeitung Ihrer personenbezogenen Daten zu beschweren. Zust\u00e4ndige Aufsichtsbeh\u00f6rde ist der<\/li><\/ul><p style=\"font-weight: 400;\">Bayerischer Landesbeauftragte f\u00fcr den Datenschutz<br \/>Prof. Dr. Thomas Petri<br \/>Wagm\u00fcllerstra\u00dfe 18<br \/>80538 M\u00fcnchen<br \/>Telefon: +49 (0) 89 \u2013 212672-0<br \/>E-Mail: <a href=\"mailto:poststelle@datenschutz-bayern.de\">poststelle@datenschutz-bayern.de<\/a><\/p>\t\t\t\t\t\t<\/div>\n\t\t\t\t<\/div>\n\t\t\t\t<div class=\"elementor-element elementor-element-13811fb elementor-widget elementor-widget-spacer\" data-id=\"13811fb\" data-element_type=\"widget\" id=\"block5\" data-widget_type=\"spacer.default\">\n\t\t\t\t<div class=\"elementor-widget-container\">\n\t\t\t\t\t<div class=\"elementor-spacer\">\n\t\t\t<div class=\"elementor-spacer-inner\"><\/div>\n\t\t<\/div>\n\t\t\t\t<\/div>\n\t\t\t\t<\/div>\n\t\t\t\t<div class=\"elementor-element elementor-element-accc5cb card elementor-widget elementor-widget-text-editor\" data-id=\"accc5cb\" data-element_type=\"widget\" data-widget_type=\"text-editor.default\">\n\t\t\t\t<div class=\"elementor-widget-container\">\n\t\t\t\t\t\t\t<h2 class=\"mb-3\">5. Cookies<\/h2>\n<p>Donec id elit non mi porta gravida at eget metus. Praesent commodo cursus magna, vel scelerisque nisl consectetur et. Cras mattis consectetur purus sit amet fermentum. Lorem ipsum dolor sit amet, consectetur adipiscing elit. Nulla vitae elit libero, a pharetra augue. Nullam quis risus eget urna mollis ornare vel eu leo. Cras justo odio, dapibus ac facilisis in, egestas eget quam.<\/p>\n<p>Sed posuere consectetur est at lobortis. Maecenas faucibus mollis interdum. Cum sociis natoque penatibus et magnis dis parturient montes, nascetur ridiculus mus. Donec id elit non mi porta gravida at eget metus. Cras justo odio, dapibus ac facilisis in, egestas eget quam. Cum sociis natoque penatibus et magnis dis parturient montes, nascetur ridiculus mus.<\/p>\n<p>Nullam quis risus eget urna mollis ornare vel eu leo. Maecenas sed diam eget risus varius blandit sit amet non magna. Praesent commodo cursus magna, vel scelerisque nisl consectetur et. Nullam id dolor id nibh ultricies vehicula ut id elit. Donec ullamcorper nulla non metus auctor fringilla. Lorem ipsum dolor sit amet, consectetur adipiscing elit. Etiam porta sem malesuada magna mollis euismod. Praesent commodo cursus magna, vel scelerisque nisl consectetur et. Nulla vitae elit libero, a pharetra augue. Curabitur blandit tempus porttitor. Cras justo odio, dapibus ac facilisis in, egestas eget quam. Fusce dapibus, tellus ac cursus commodo, tortor mauris condimentum nibh, ut fermentum massa justo sit amet risus. Aenean eu leo quam. Pellentesque ornare sem.<\/p>\t\t\t\t\t\t<\/div>\n\t\t\t\t<\/div>\n\t\t\t\t<div class=\"elementor-element elementor-element-2b8baa9 elementor-widget elementor-widget-spacer\" data-id=\"2b8baa9\" data-element_type=\"widget\" id=\"block6\" data-widget_type=\"spacer.default\">\n\t\t\t\t<div class=\"elementor-widget-container\">\n\t\t\t\t\t<div class=\"elementor-spacer\">\n\t\t\t<div class=\"elementor-spacer-inner\"><\/div>\n\t\t<\/div>\n\t\t\t\t<\/div>\n\t\t\t\t<\/div>\n\t\t\t\t\t<\/div>\n\t\t<\/div>\n\t\t\t\t<div class=\"elementor-column elementor-col-33 elementor-top-column elementor-element elementor-element-a7d49c0\" data-id=\"a7d49c0\" data-element_type=\"column\">\n\t\t\t<div class=\"elementor-widget-wrap\">\n\t\t\t\t\t\t\t<\/div>\n\t\t<\/div>\n\t\t\t\t\t<\/div>\n\t\t<\/section>\n\t\t\t\t<\/div>\n\t\t","protected":false},"excerpt":{"rendered":"<p>1. Kontakt 2. Impressum 3. Datenschutz 4. Cookies KONTAKT Projektteam\u00a0(tbd). Professur f\u00fcr Arbeits- und Organisationspsychologie(Prof. Dr. J. Volmer)Otto-Friedrich-Universit\u00e4t BambergMarkusplatz 396047 Bamberg Mail: laufbahnatlas.auopsych@uni-bamberg.de\u00a0bzw. info@karrierekompass.ai (tbd). Informationen zu weiteren, aktuellen For\u00adschungs\u00adprojekten der Professur\/Arbeits\u00adgruppeerhalten Sie auf der Website unter www.uni-bamberg.de\/auopsych Impressum Die Internetseite des KI-Projektes Karriere Kompass wird von der Otto-Friedrich-Universit\u00e4t Bamberg betrieben. Angaben gem\u00e4\u00df \u00a75 TMG [&hellip;]<\/p>\n","protected":false},"author":1,"featured_media":0,"parent":0,"menu_order":0,"comment_status":"closed","ping_status":"closed","template":"","meta":{"footnotes":""},"class_list":["post-5375","page","type-page","status-publish","hentry"],"_links":{"self":[{"href":"https:\/\/relaxed-pare.202-61-192-15.plesk.page\/index.php\/wp-json\/wp\/v2\/pages\/5375","targetHints":{"allow":["GET"]}}],"collection":[{"href":"https:\/\/relaxed-pare.202-61-192-15.plesk.page\/index.php\/wp-json\/wp\/v2\/pages"}],"about":[{"href":"https:\/\/relaxed-pare.202-61-192-15.plesk.page\/index.php\/wp-json\/wp\/v2\/types\/page"}],"author":[{"embeddable":true,"href":"https:\/\/relaxed-pare.202-61-192-15.plesk.page\/index.php\/wp-json\/wp\/v2\/users\/1"}],"replies":[{"embeddable":true,"href":"https:\/\/relaxed-pare.202-61-192-15.plesk.page\/index.php\/wp-json\/wp\/v2\/comments?post=5375"}],"version-history":[{"count":15,"href":"https:\/\/relaxed-pare.202-61-192-15.plesk.page\/index.php\/wp-json\/wp\/v2\/pages\/5375\/revisions"}],"predecessor-version":[{"id":15342,"href":"https:\/\/relaxed-pare.202-61-192-15.plesk.page\/index.php\/wp-json\/wp\/v2\/pages\/5375\/revisions\/15342"}],"wp:attachment":[{"href":"https:\/\/relaxed-pare.202-61-192-15.plesk.page\/index.php\/wp-json\/wp\/v2\/media?parent=5375"}],"curies":[{"name":"wp","href":"https:\/\/api.w.org\/{rel}","templated":true}]}}