{"id":15358,"date":"2024-12-22T12:44:22","date_gmt":"2024-12-22T12:44:22","guid":{"rendered":"https:\/\/relaxed-pare.202-61-192-15.plesk.page\/?page_id=15358"},"modified":"2024-12-23T17:25:44","modified_gmt":"2024-12-23T17:25:44","slug":"ueber-das-projekt","status":"publish","type":"page","link":"https:\/\/relaxed-pare.202-61-192-15.plesk.page\/index.php\/ueber-das-projekt\/","title":{"rendered":"\u00dcber das Projekt"},"content":{"rendered":"\t\t<div data-elementor-type=\"wp-page\" data-elementor-id=\"15358\" class=\"elementor elementor-15358\">\n\t\t\t\t<div class=\"elementor-element elementor-element-b48d772 e-flex e-con-boxed e-con e-parent\" data-id=\"b48d772\" data-element_type=\"container\" data-settings=\"{&quot;background_background&quot;:&quot;classic&quot;}\">\n\t\t\t\t\t<div class=\"e-con-inner\">\n\t\t<div class=\"elementor-element elementor-element-34519d0 e-con-full e-flex e-con e-child\" data-id=\"34519d0\" data-element_type=\"container\">\n\t\t\t\t<div class=\"elementor-element elementor-element-5c891c5 elementor-widget-mobile__width-auto elementor-widget elementor-widget-ot-heading\" data-id=\"5c891c5\" data-element_type=\"widget\" data-widget_type=\"ot-heading.default\">\n\t\t\t\t<div class=\"elementor-widget-container\">\n\t\t\t\t\t<div class=\"ot-heading\">\r\n\t        <span class=\"ot-heading__sub\">Mehr \u00fcber das Projekt<\/span>\t        <h3 class=\"ot-heading__title h1\">Das Konzept Karrierekompass<\/h3>\t    <\/div>\r\n\t    \t\t<\/div>\n\t\t\t\t<\/div>\n\t\t\t\t<\/div>\n\t\t\t\t\t<\/div>\n\t\t\t\t<\/div>\n\t\t<div class=\"elementor-element elementor-element-db7bbe0 e-flex e-con-boxed e-con e-parent\" data-id=\"db7bbe0\" data-element_type=\"container\">\n\t\t\t\t\t<div class=\"e-con-inner\">\n\t\t\t\t<div class=\"elementor-element elementor-element-16f506d elementor-widget elementor-widget-spacer\" data-id=\"16f506d\" data-element_type=\"widget\" data-widget_type=\"spacer.default\">\n\t\t\t\t<div class=\"elementor-widget-container\">\n\t\t\t\t\t<div class=\"elementor-spacer\">\n\t\t\t<div class=\"elementor-spacer-inner\"><\/div>\n\t\t<\/div>\n\t\t\t\t<\/div>\n\t\t\t\t<\/div>\n\t\t\t\t<div class=\"elementor-element elementor-element-7f447e2 elementor-widget elementor-widget-ot-heading\" data-id=\"7f447e2\" data-element_type=\"widget\" data-widget_type=\"ot-heading.default\">\n\t\t\t\t<div class=\"elementor-widget-container\">\n\t\t\t\t\t<div class=\"ot-heading\">\r\n\t        <span class=\"ot-heading__sub\">Echte Berufschancen | Dank k\u00fcnstlicher Intelligenz<\/span>\t        <h1 class=\"ot-heading__title h1\">Der KarriereKompass<\/h1>\t    <\/div>\r\n\t    \t\t<\/div>\n\t\t\t\t<\/div>\n\t\t\t\t\t<\/div>\n\t\t\t\t<\/div>\n\t\t<div class=\"elementor-element elementor-element-06bfbbc e-flex e-con-boxed e-con e-parent\" data-id=\"06bfbbc\" data-element_type=\"container\">\n\t\t\t\t\t<div class=\"e-con-inner\">\n\t\t\t\t<div class=\"elementor-element elementor-element-50c63c1 elementor-widget elementor-widget-text-editor\" data-id=\"50c63c1\" data-element_type=\"widget\" data-widget_type=\"text-editor.default\">\n\t\t\t\t<div class=\"elementor-widget-container\">\n\t\t\t\t\t\t\t<p><b>Innovative KI-L\u00f6sung f\u00fcr die Arbeitswelt von morgen<\/b><\/p><p>In einer Zeit, in der traditionelle Berufsbilder verschwimmen und der Fachkr\u00e4ftemangel zunimmt, bietet der KarriereKompass eine innovative L\u00f6sung f\u00fcr die Herausforderungen des modernen Arbeitsmarktes. Der KarriereKompass geht dabei \u00fcber klassische <i>Berufsberatung<\/i> hinaus: Mit Hilfe modernster KI-Technologie und arbeitspsychologischer Erkenntnisse entstand 2024 eine intelligente Plattform, die Menschen bei ihrer individuellen Karriereplanung unterst\u00fctzt und gleichzeitig dem Arbeitsmarkt neue Strukturen verleiht.<\/p><p>Dabei nutzt die webbasierte App eine fortschrittliche KI-gest\u00fctzte Sprachverarbeitung, um aus den pers\u00f6nlichen Interessen und F\u00e4higkeiten der Nutzenden eine individuelle berufliche Positionierung im heutigen Karrieredschungel anzuzeigen. Die zukunftsweisende Technologie gleicht dabei Kompetenzen, Erfahrungen und pers\u00f6nliche Pr\u00e4ferenzen optimal mit beruflichen M\u00f6glichkeiten ab und bietet so eine Hilfestellung bei der Berufswahl \u2013 ein entscheidender Fortschritt gegen\u00fcber den herk\u00f6mmlichen Suchsystemen.<\/p>\t\t\t\t\t\t<\/div>\n\t\t\t\t<\/div>\n\t\t\t\t\t<\/div>\n\t\t\t\t<\/div>\n\t\t<div class=\"elementor-element elementor-element-b61ea81 e-flex e-con-boxed e-con e-parent\" data-id=\"b61ea81\" data-element_type=\"container\">\n\t\t\t\t\t<div class=\"e-con-inner\">\n\t\t\t\t<div class=\"elementor-element elementor-element-0ea207e elementor-widget elementor-widget-ot-heading\" data-id=\"0ea207e\" data-element_type=\"widget\" data-widget_type=\"ot-heading.default\">\n\t\t\t\t<div class=\"elementor-widget-container\">\n\t\t\t\t\t<div class=\"ot-heading\">\r\n\t        \t        <h3 class=\"ot-heading__title h1\">Menschliches Wissen und k\u00fcnstliche Intelligenz<\/h3>\t    <\/div>\r\n\t    \t\t<\/div>\n\t\t\t\t<\/div>\n\t\t\t\t<div class=\"elementor-element elementor-element-80af6d5 elementor-widget elementor-widget-text-editor\" data-id=\"80af6d5\" data-element_type=\"widget\" data-widget_type=\"text-editor.default\">\n\t\t\t\t<div class=\"elementor-widget-container\">\n\t\t\t\t\t\t\t<p>In Kooperation mit diversen Wirtschaftsunternehmen und Arbeitsmarktexpert:innen vereint das Projekt wissenschaftliche Expertise mit praktischer Erfahrung in den Bereichen K\u00fcnstliche Intelligenz, Arbeitspsychologie und Softwareentwicklung. Dabei bilden folgende drei Partner den ma\u00dfgeblichen interdisziplin\u00e4ren Verbund:<\/p>\t\t\t\t\t\t<\/div>\n\t\t\t\t<\/div>\n\t\t\t\t<div class=\"elementor-element elementor-element-d7969bb elementor-widget elementor-widget-ot-clients-slider\" data-id=\"d7969bb\" data-element_type=\"widget\" data-widget_type=\"ot-clients-slider.default\">\n\t\t\t\t<div class=\"elementor-widget-container\">\n\t\t\t\t\t<div class=\"ot-carousel ot-clients-carousel\" data-slider_options=\"{&quot;slides_show_desktop&quot;:3,&quot;slides_show_laptop&quot;:3,&quot;slides_show_tablet_extra&quot;:3,&quot;slides_show_tablet&quot;:3,&quot;slides_show_mobile_extra&quot;:3,&quot;slides_show_mobile&quot;:3,&quot;margin_desktop&quot;:30,&quot;margin_laptop&quot;:30,&quot;margin_tablet_extra&quot;:30,&quot;margin_tablet&quot;:30,&quot;margin_mobile_extra&quot;:30,&quot;margin_mobile&quot;:30,&quot;autoplay&quot;:&quot;yes&quot;,&quot;autoplay_time_out&quot;:7000,&quot;loop&quot;:&quot;yes&quot;,&quot;arrows&quot;:false,&quot;dots&quot;:false}\">\r\n\t\t\t<div class=\"owl-carousel owl-theme\">\r\n\r\n\t\t\t<a class=\"client_link\" href=\"#\"><span class=\"client-logo\"><img fetchpriority=\"high\" decoding=\"async\" width=\"848\" height=\"477\" src=\"https:\/\/relaxed-pare.202-61-192-15.plesk.page\/wp-content\/uploads\/2024\/12\/47-otto-friedrich-universitat-bamberg.jpg\" class=\"attachment-full size-full\" alt=\"\" \/><\/span><\/a><a class=\"client_link\" href=\"#\"><span class=\"client-logo\"><img decoding=\"async\" width=\"196\" height=\"50\" src=\"https:\/\/relaxed-pare.202-61-192-15.plesk.page\/wp-content\/uploads\/2024\/12\/66FFCDCC-92FC-4D78-A61E-5B7C28DAF5E5.png\" class=\"attachment-full size-full\" alt=\"\" \/><\/span><\/a><a class=\"client_link\" href=\"#\"><span class=\"client-logo\"><img decoding=\"async\" width=\"95\" height=\"17\" src=\"https:\/\/relaxed-pare.202-61-192-15.plesk.page\/wp-content\/uploads\/2024\/12\/logo-dark-7.svg\" class=\"attachment-full size-full\" alt=\"\" \/><\/span><\/a>\r\n\t\t\t<\/div>\r\n\t    <\/div>\r\n\t\t\t\t<\/div>\n\t\t\t\t<\/div>\n\t\t\t\t\t<\/div>\n\t\t\t\t<\/div>\n\t\t<div class=\"elementor-element elementor-element-9084df1 e-flex e-con-boxed e-con e-parent\" data-id=\"9084df1\" data-element_type=\"container\">\n\t\t\t\t\t<div class=\"e-con-inner\">\n\t\t\t\t<div class=\"elementor-element elementor-element-e44dc87 elementor-widget elementor-widget-ot-heading\" data-id=\"e44dc87\" data-element_type=\"widget\" data-widget_type=\"ot-heading.default\">\n\t\t\t\t<div class=\"elementor-widget-container\">\n\t\t\t\t\t<div class=\"ot-heading\">\r\n\t        \t        <h3 class=\"ot-heading__title h1\">Gef\u00f6rdert durch:<\/h3>\t    <\/div>\r\n\t    \t\t<\/div>\n\t\t\t\t<\/div>\n\t\t\t\t<div class=\"elementor-element elementor-element-7c816ff elementor-widget elementor-widget-text-editor\" data-id=\"7c816ff\" data-element_type=\"widget\" data-widget_type=\"text-editor.default\">\n\t\t\t\t<div class=\"elementor-widget-container\">\n\t\t\t\t\t\t\t<p>Der KarriereKompass (Arbeitstitel: Interaktiver Der Laufbahn-Atlas \u2013 Digitale Navigation durch die Karrierelandschaft) ist ein vom Bundesministerium f\u00fcr Arbeit und Soziales (BMAS) gef\u00f6rdertes Projekt im Rahmen des Programmes \u201eCivic Innovation \u2013 Gemeinsam sind wir KI\u201c. Als eines von neun ausgew\u00e4hlten Projekten entstand so 2024 &#8211; innerhalb eines Jahres &#8211; eine zukunftsweisende KI-Plattform, die die berufliche Orientierung und Karrierem\u00f6glichkeiten neugestaltet.<\/p>\t\t\t\t\t\t<\/div>\n\t\t\t\t<\/div>\n\t\t\t\t\t<\/div>\n\t\t\t\t<\/div>\n\t\t<div class=\"elementor-element elementor-element-d1d390a e-flex e-con-boxed e-con e-parent\" data-id=\"d1d390a\" data-element_type=\"container\">\n\t\t\t\t\t<div class=\"e-con-inner\">\n\t\t<div class=\"elementor-element elementor-element-d78e6db e-con-full e-flex e-con e-child\" data-id=\"d78e6db\" data-element_type=\"container\">\n\t\t\t\t<div class=\"elementor-element elementor-element-1e1acc0 elementor-widget elementor-widget-image\" data-id=\"1e1acc0\" data-element_type=\"widget\" data-widget_type=\"image.default\">\n\t\t\t\t<div class=\"elementor-widget-container\">\n\t\t\t\t\t\t\t\t\t\t\t\t\t<img loading=\"lazy\" decoding=\"async\" width=\"395\" height=\"138\" src=\"https:\/\/relaxed-pare.202-61-192-15.plesk.page\/wp-content\/uploads\/2024\/12\/csm_BMAS_CIP_Logo_Vollversion__RGB_1000px_b18d4f2d75.jpg\" class=\"attachment-large size-large wp-image-15360\" alt=\"\" srcset=\"https:\/\/relaxed-pare.202-61-192-15.plesk.page\/wp-content\/uploads\/2024\/12\/csm_BMAS_CIP_Logo_Vollversion__RGB_1000px_b18d4f2d75.jpg 395w, https:\/\/relaxed-pare.202-61-192-15.plesk.page\/wp-content\/uploads\/2024\/12\/csm_BMAS_CIP_Logo_Vollversion__RGB_1000px_b18d4f2d75-300x105.jpg 300w\" sizes=\"(max-width: 395px) 100vw, 395px\" \/>\t\t\t\t\t\t\t\t\t\t\t\t\t<\/div>\n\t\t\t\t<\/div>\n\t\t\t\t<\/div>\n\t\t<div class=\"elementor-element elementor-element-46a067c e-con-full e-flex e-con e-child\" data-id=\"46a067c\" data-element_type=\"container\">\n\t\t\t\t<div class=\"elementor-element elementor-element-463ebbf elementor-widget elementor-widget-image\" data-id=\"463ebbf\" data-element_type=\"widget\" data-widget_type=\"image.default\">\n\t\t\t\t<div class=\"elementor-widget-container\">\n\t\t\t\t\t\t\t\t\t\t\t\t\t<img loading=\"lazy\" decoding=\"async\" width=\"1024\" height=\"589\" src=\"https:\/\/relaxed-pare.202-61-192-15.plesk.page\/wp-content\/uploads\/2024\/12\/BMAS_Logo.svg-1024x589.png\" class=\"attachment-large size-large wp-image-15215\" alt=\"\" srcset=\"https:\/\/relaxed-pare.202-61-192-15.plesk.page\/wp-content\/uploads\/2024\/12\/BMAS_Logo.svg-1024x589.png 1024w, https:\/\/relaxed-pare.202-61-192-15.plesk.page\/wp-content\/uploads\/2024\/12\/BMAS_Logo.svg-300x173.png 300w, https:\/\/relaxed-pare.202-61-192-15.plesk.page\/wp-content\/uploads\/2024\/12\/BMAS_Logo.svg-768x442.png 768w, https:\/\/relaxed-pare.202-61-192-15.plesk.page\/wp-content\/uploads\/2024\/12\/BMAS_Logo.svg.png 1200w\" sizes=\"(max-width: 1024px) 100vw, 1024px\" \/>\t\t\t\t\t\t\t\t\t\t\t\t\t<\/div>\n\t\t\t\t<\/div>\n\t\t\t\t<\/div>\n\t\t\t\t\t<\/div>\n\t\t\t\t<\/div>\n\t\t<div class=\"elementor-element elementor-element-4027565 e-flex e-con-boxed e-con e-parent\" data-id=\"4027565\" data-element_type=\"container\">\n\t\t\t\t\t<div class=\"e-con-inner\">\n\t\t\t\t<div class=\"elementor-element elementor-element-c7098f9 elementor-widget elementor-widget-ot-heading\" data-id=\"c7098f9\" data-element_type=\"widget\" data-widget_type=\"ot-heading.default\">\n\t\t\t\t<div class=\"elementor-widget-container\">\n\t\t\t\t\t<div class=\"ot-heading\">\r\n\t        \t        <h3 class=\"ot-heading__title h1\">Ziele und Zukunft<\/h3>\t    <\/div>\r\n\t    \t\t<\/div>\n\t\t\t\t<\/div>\n\t\t\t\t\t<\/div>\n\t\t\t\t<\/div>\n\t\t<div class=\"elementor-element elementor-element-8b8bc9f e-flex e-con-boxed e-con e-parent\" data-id=\"8b8bc9f\" data-element_type=\"container\">\n\t\t\t\t\t<div class=\"e-con-inner\">\n\t\t\t\t<div class=\"elementor-element elementor-element-c49061a elementor-widget elementor-widget-text-editor\" data-id=\"c49061a\" data-element_type=\"widget\" data-widget_type=\"text-editor.default\">\n\t\t\t\t<div class=\"elementor-widget-container\">\n\t\t\t\t\t\t\t<p>Als branchenoffene und frei zug\u00e4ngliche Anwendung soll der KarriereKompass zuk\u00fcnftig nicht nur bei der Berufswahl, sondern auch bei der Arbeitsvermittlung sowie der Aus- und Weiterbildung zentrale Funktionen einnehmen. Dabei liegt der Fokus nicht nur darauf, die \u201eLaufbahn\u201c der User:innen interaktiv langfristig zu begleiten. Ziel ist es auch, parallel eine Plattform zu aufzubauen, die den gesamten Arbeitsmarkt \u2013 Jobsuchende, Bildungstr\u00e4ger:innen und Arbeitgeber:innen \u2013 optimal zusammenbringt und so einen wichtigen Beitrag zur Gestaltung der Arbeitswelt von morgen leistet. Zielgerichteter. Effektiver. Zufriedener.<span class=\"Apple-converted-space\">\u00a0<\/span><\/p>\t\t\t\t\t\t<\/div>\n\t\t\t\t<\/div>\n\t\t\t\t\t<\/div>\n\t\t\t\t<\/div>\n\t\t\t\t<\/div>\n\t\t","protected":false},"excerpt":{"rendered":"<p>Mehr \u00fcber das Projekt Das Konzept Karrierekompass Echte Berufschancen | Dank k\u00fcnstlicher Intelligenz Der KarriereKompass Innovative KI-L\u00f6sung f\u00fcr die Arbeitswelt von morgen In einer Zeit, in der traditionelle Berufsbilder verschwimmen und der Fachkr\u00e4ftemangel zunimmt, bietet der KarriereKompass eine innovative L\u00f6sung f\u00fcr die Herausforderungen des modernen Arbeitsmarktes. Der KarriereKompass geht dabei \u00fcber klassische Berufsberatung hinaus: Mit [&hellip;]<\/p>\n","protected":false},"author":1,"featured_media":0,"parent":0,"menu_order":0,"comment_status":"closed","ping_status":"closed","template":"","meta":{"footnotes":""},"class_list":["post-15358","page","type-page","status-publish","hentry"],"_links":{"self":[{"href":"https:\/\/relaxed-pare.202-61-192-15.plesk.page\/index.php\/wp-json\/wp\/v2\/pages\/15358","targetHints":{"allow":["GET"]}}],"collection":[{"href":"https:\/\/relaxed-pare.202-61-192-15.plesk.page\/index.php\/wp-json\/wp\/v2\/pages"}],"about":[{"href":"https:\/\/relaxed-pare.202-61-192-15.plesk.page\/index.php\/wp-json\/wp\/v2\/types\/page"}],"author":[{"embeddable":true,"href":"https:\/\/relaxed-pare.202-61-192-15.plesk.page\/index.php\/wp-json\/wp\/v2\/users\/1"}],"replies":[{"embeddable":true,"href":"https:\/\/relaxed-pare.202-61-192-15.plesk.page\/index.php\/wp-json\/wp\/v2\/comments?post=15358"}],"version-history":[{"count":36,"href":"https:\/\/relaxed-pare.202-61-192-15.plesk.page\/index.php\/wp-json\/wp\/v2\/pages\/15358\/revisions"}],"predecessor-version":[{"id":15433,"href":"https:\/\/relaxed-pare.202-61-192-15.plesk.page\/index.php\/wp-json\/wp\/v2\/pages\/15358\/revisions\/15433"}],"wp:attachment":[{"href":"https:\/\/relaxed-pare.202-61-192-15.plesk.page\/index.php\/wp-json\/wp\/v2\/media?parent=15358"}],"curies":[{"name":"wp","href":"https:\/\/api.w.org\/{rel}","templated":true}]}}